{"id":7,"date":"2021-05-06T22:45:57","date_gmt":"2021-05-06T20:45:57","guid":{"rendered":"https:\/\/medicalvision.bedesign.cz\/medicalvision\/?page_id=7"},"modified":"2023-03-25T01:31:54","modified_gmt":"2023-03-25T00:31:54","slug":"medicalvision","status":"publish","type":"page","link":"https:\/\/medicalvision.bedesign.cz\/medicalvision\/","title":{"rendered":"MedicalVision"},"content":{"rendered":"\t\t<div data-elementor-type=\"wp-page\" data-elementor-id=\"7\" class=\"elementor elementor-7\" data-elementor-post-type=\"page\">\n\t\t\t\t\t\t\t\t\t<section class=\"elementor-section elementor-top-section elementor-element elementor-element-44878258 elementor-section-height-min-height elementor-section-boxed elementor-section-height-default elementor-section-items-middle\" data-id=\"44878258\" data-element_type=\"section\" data-settings=\"{&quot;background_background&quot;:&quot;classic&quot;,&quot;shape_divider_bottom&quot;:&quot;waves&quot;}\">\n\t\t\t\t\t\t\t<div class=\"elementor-background-overlay\"><\/div>\n\t\t\t\t\t\t<div class=\"elementor-shape elementor-shape-bottom\" data-negative=\"false\">\n\t\t\t<svg xmlns=\"http:\/\/www.w3.org\/2000\/svg\" viewBox=\"0 0 1000 100\" preserveAspectRatio=\"none\">\n\t<path class=\"elementor-shape-fill\" d=\"M421.9,6.5c22.6-2.5,51.5,0.4,75.5,5.3c23.6,4.9,70.9,23.5,100.5,35.7c75.8,32.2,133.7,44.5,192.6,49.7\n\tc23.6,2.1,48.7,3.5,103.4-2.5c54.7-6,106.2-25.6,106.2-25.6V0H0v30.3c0,0,72,32.6,158.4,30.5c39.2-0.7,92.8-6.7,134-22.4\n\tc21.2-8.1,52.2-18.2,79.7-24.2C399.3,7.9,411.6,7.5,421.9,6.5z\"\/>\n<\/svg>\t\t<\/div>\n\t\t\t\t\t<div class=\"elementor-container elementor-column-gap-default\">\n\t\t\t\t\t<div class=\"elementor-column elementor-col-33 elementor-top-column elementor-element elementor-element-38d5f2b6\" data-id=\"38d5f2b6\" data-element_type=\"column\">\n\t\t\t<div class=\"elementor-widget-wrap elementor-element-populated\">\n\t\t\t\t\t\t\t\t<div class=\"elementor-element elementor-element-34db55f5 elementor-widget elementor-widget-text-editor\" data-id=\"34db55f5\" data-element_type=\"widget\" data-widget_type=\"text-editor.default\">\n\t\t\t\t<div class=\"elementor-widget-container\">\n\t\t\t\t\t\t\t<p><strong>O n\u00e1s<\/strong><\/p>\t\t\t\t\t\t<\/div>\n\t\t\t\t<\/div>\n\t\t\t\t<div class=\"elementor-element elementor-element-4f7c8a29 elementor-widget elementor-widget-heading\" data-id=\"4f7c8a29\" data-element_type=\"widget\" data-widget_type=\"heading.default\">\n\t\t\t\t<div class=\"elementor-widget-container\">\n\t\t\t<h3 class=\"elementor-heading-title elementor-size-default\">Medical vision, s.r.o.<\/h3>\t\t<\/div>\n\t\t\t\t<\/div>\n\t\t\t\t\t<\/div>\n\t\t<\/div>\n\t\t\t\t<div class=\"elementor-column elementor-col-33 elementor-top-column elementor-element elementor-element-6d34637a\" data-id=\"6d34637a\" data-element_type=\"column\" data-settings=\"{&quot;background_background&quot;:&quot;classic&quot;}\">\n\t\t\t<div class=\"elementor-widget-wrap elementor-element-populated\">\n\t\t\t\t\t\t\t\t<div class=\"elementor-element elementor-element-21cadcf6 elementor-widget elementor-widget-image\" data-id=\"21cadcf6\" data-element_type=\"widget\" data-widget_type=\"image.default\">\n\t\t\t\t<div class=\"elementor-widget-container\">\n\t\t\t\t\t\t\t\t\t\t\t\t\t\t\t<img loading=\"lazy\" decoding=\"async\" width=\"1920\" height=\"1280\" src=\"https:\/\/medicalvision.bedesign.cz\/medicalvision\/wp-content\/uploads\/2021\/05\/male-face-eye-chart-kopie-min.jpg\" class=\"elementor-animation-grow attachment-full size-full wp-image-72\" alt=\"Medicalvision, p\u00e9\u010de o zrak\" srcset=\"https:\/\/medicalvision.bedesign.cz\/medicalvision\/wp-content\/uploads\/2021\/05\/male-face-eye-chart-kopie-min.jpg 1920w, https:\/\/medicalvision.bedesign.cz\/medicalvision\/wp-content\/uploads\/2021\/05\/male-face-eye-chart-kopie-min-300x200.jpg 300w, https:\/\/medicalvision.bedesign.cz\/medicalvision\/wp-content\/uploads\/2021\/05\/male-face-eye-chart-kopie-min-1024x683.jpg 1024w, https:\/\/medicalvision.bedesign.cz\/medicalvision\/wp-content\/uploads\/2021\/05\/male-face-eye-chart-kopie-min-768x512.jpg 768w, https:\/\/medicalvision.bedesign.cz\/medicalvision\/wp-content\/uploads\/2021\/05\/male-face-eye-chart-kopie-min-1536x1024.jpg 1536w\" sizes=\"auto, (max-width: 1920px) 100vw, 1920px\" \/>\t\t\t\t\t\t\t\t\t\t\t\t\t\t\t<\/div>\n\t\t\t\t<\/div>\n\t\t\t\t<div class=\"elementor-element elementor-element-19d9c893 elementor-widget elementor-widget-text-editor\" data-id=\"19d9c893\" data-element_type=\"widget\" data-widget_type=\"text-editor.default\">\n\t\t\t\t<div class=\"elementor-widget-container\">\n\t\t\t\t\t\t\t<p><strong>Toto je uk\u00e1zkov\u00fd text, kter\u00fd bude nahrazen Va\u0161\u00edm. Toto je uk\u00e1zkov\u00fd text, kter\u00fd bude nahrazen Va\u0161\u00edm. Toto je uk\u00e1zkov\u00fd text, kter\u00fd bude nahrazen Va\u0161\u00edm. Toto je uk\u00e1zkov\u00fd text, kter\u00fd bude nahrazen Va\u0161\u00edm.\u00a0<\/strong><\/p>\t\t\t\t\t\t<\/div>\n\t\t\t\t<\/div>\n\t\t\t\t\t<\/div>\n\t\t<\/div>\n\t\t\t\t<div class=\"elementor-column elementor-col-33 elementor-top-column elementor-element elementor-element-3e3d5b58\" data-id=\"3e3d5b58\" data-element_type=\"column\">\n\t\t\t<div class=\"elementor-widget-wrap elementor-element-populated\">\n\t\t\t\t\t\t\t\t<div class=\"elementor-element elementor-element-acc2442 elementor-widget elementor-widget-text-editor\" data-id=\"acc2442\" data-element_type=\"widget\" data-widget_type=\"text-editor.default\">\n\t\t\t\t<div class=\"elementor-widget-container\">\n\t\t\t\t\t\t\t<p><strong>Toto je uk\u00e1zkov\u00fd text, kter\u00fd bude nahrazen Va\u0161\u00edm. Toto je uk\u00e1zkov\u00fd text, kter\u00fd bude nahrazen Va\u0161\u00edm. Toto je uk\u00e1zkov\u00fd text, kter\u00fd bude nahrazen Va\u0161\u00edm. Toto je uk\u00e1zkov\u00fd text, kter\u00fd bude nahrazen Va\u0161\u00edm.\u00a0<\/strong><\/p>\t\t\t\t\t\t<\/div>\n\t\t\t\t<\/div>\n\t\t\t\t\t<\/div>\n\t\t<\/div>\n\t\t\t\t\t\t\t<\/div>\n\t\t<\/section>\n\t\t\t\t<section class=\"elementor-section elementor-top-section elementor-element elementor-element-15293f79 elementor-section-height-min-height elementor-reverse-tablet elementor-reverse-mobile elementor-section-boxed elementor-section-height-default elementor-section-items-middle\" data-id=\"15293f79\" data-element_type=\"section\" data-settings=\"{&quot;background_background&quot;:&quot;classic&quot;}\">\n\t\t\t\t\t\t\t<div class=\"elementor-background-overlay\"><\/div>\n\t\t\t\t\t\t\t<div class=\"elementor-container elementor-column-gap-default\">\n\t\t\t\t\t<div class=\"elementor-column elementor-col-50 elementor-top-column elementor-element elementor-element-50faed3c\" data-id=\"50faed3c\" data-element_type=\"column\">\n\t\t\t<div class=\"elementor-widget-wrap elementor-element-populated\">\n\t\t\t\t\t\t\t\t<div class=\"elementor-element elementor-element-7f1d27f0 elementor-widget elementor-widget-heading\" data-id=\"7f1d27f0\" data-element_type=\"widget\" data-widget_type=\"heading.default\">\n\t\t\t\t<div class=\"elementor-widget-container\">\n\t\t\t<h3 class=\"elementor-heading-title elementor-size-default\">P\u0159e\u010dt\u011bte si v\u00edce.<\/h3>\t\t<\/div>\n\t\t\t\t<\/div>\n\t\t\t\t<div class=\"elementor-element elementor-element-718b2b0f elementor-widget elementor-widget-heading\" data-id=\"718b2b0f\" data-element_type=\"widget\" data-settings=\"{&quot;motion_fx_motion_fx_scrolling&quot;:&quot;yes&quot;,&quot;motion_fx_translateY_effect&quot;:&quot;yes&quot;,&quot;motion_fx_translateY_speed&quot;:{&quot;unit&quot;:&quot;px&quot;,&quot;size&quot;:&quot;0.5&quot;,&quot;sizes&quot;:[]},&quot;motion_fx_translateY_affectedRange&quot;:{&quot;unit&quot;:&quot;%&quot;,&quot;size&quot;:&quot;&quot;,&quot;sizes&quot;:{&quot;start&quot;:&quot;0&quot;,&quot;end&quot;:&quot;50&quot;}},&quot;motion_fx_opacity_effect&quot;:&quot;yes&quot;,&quot;motion_fx_opacity_range&quot;:{&quot;unit&quot;:&quot;%&quot;,&quot;size&quot;:&quot;&quot;,&quot;sizes&quot;:{&quot;start&quot;:&quot;0&quot;,&quot;end&quot;:&quot;50&quot;}},&quot;motion_fx_opacity_direction&quot;:&quot;out-in&quot;,&quot;motion_fx_opacity_level&quot;:{&quot;unit&quot;:&quot;px&quot;,&quot;size&quot;:10,&quot;sizes&quot;:[]},&quot;motion_fx_devices&quot;:[&quot;desktop&quot;,&quot;tablet&quot;,&quot;mobile&quot;]}\" data-widget_type=\"heading.default\">\n\t\t\t\t<div class=\"elementor-widget-container\">\n\t\t\t<h2 class=\"elementor-heading-title elementor-size-default\">Aktuality.<\/h2>\t\t<\/div>\n\t\t\t\t<\/div>\n\t\t\t\t<div class=\"elementor-element elementor-element-3711a1cc elementor-widget elementor-widget-text-editor\" data-id=\"3711a1cc\" data-element_type=\"widget\" data-widget_type=\"text-editor.default\">\n\t\t\t\t<div class=\"elementor-widget-container\">\n\t\t\t\t\t\t\t<p><strong>Toto je uk\u00e1zkov\u00fd text, kter\u00fd bude nahrazen Va\u0161\u00edm. Toto je uk\u00e1zkov\u00fd text, kter\u00fd bude nahrazen Va\u0161\u00edm. Toto je uk\u00e1zkov\u00fd text, kter\u00fd bude nahrazen Va\u0161\u00edm. Toto je uk\u00e1zkov\u00fd text, kter\u00fd bude nahrazen Va\u0161\u00edm.\u00a0<\/strong><\/p><p><strong>Toto je uk\u00e1zkov\u00fd text, kter\u00fd bude nahrazen Va\u0161\u00edm. Toto je uk\u00e1zkov\u00fd text, kter\u00fd bude nahrazen Va\u0161\u00edm. Toto je uk\u00e1zkov\u00fd text, kter\u00fd bude nahrazen Va\u0161\u00edm. Toto je uk\u00e1zkov\u00fd text, kter\u00fd bude nahrazen Va\u0161\u00edm.\u00a0<\/strong><\/p>\t\t\t\t\t\t<\/div>\n\t\t\t\t<\/div>\n\t\t\t\t<div class=\"elementor-element elementor-element-3a0eccf elementor-tablet-align-center elementor-align-left elementor-widget elementor-widget-button\" data-id=\"3a0eccf\" data-element_type=\"widget\" data-widget_type=\"button.default\">\n\t\t\t\t<div class=\"elementor-widget-container\">\n\t\t\t\t\t<div class=\"elementor-button-wrapper\">\n\t\t\t<a class=\"elementor-button elementor-button-link elementor-size-md elementor-animation-grow\" href=\"https:\/\/medicalvision.bedesign.cz\/aktuality\">\n\t\t\t\t\t\t<span class=\"elementor-button-content-wrapper\">\n\t\t\t\t\t\t<span class=\"elementor-button-icon elementor-align-icon-right\">\n\t\t\t\t<i aria-hidden=\"true\" class=\"fas fa-arrow-right\"><\/i>\t\t\t<\/span>\n\t\t\t\t\t\t<span class=\"elementor-button-text\">Zobrazit star\u0161\u00ed p\u0159\u00edsp\u011bvky<\/span>\n\t\t<\/span>\n\t\t\t\t\t<\/a>\n\t\t<\/div>\n\t\t\t\t<\/div>\n\t\t\t\t<\/div>\n\t\t\t\t\t<\/div>\n\t\t<\/div>\n\t\t\t\t<div class=\"elementor-column elementor-col-50 elementor-top-column elementor-element elementor-element-2256d1a8\" data-id=\"2256d1a8\" data-element_type=\"column\" data-settings=\"{&quot;background_background&quot;:&quot;classic&quot;,&quot;motion_fx_motion_fx_scrolling&quot;:&quot;yes&quot;,&quot;motion_fx_translateY_effect&quot;:&quot;yes&quot;,&quot;motion_fx_translateY_speed&quot;:{&quot;unit&quot;:&quot;px&quot;,&quot;size&quot;:&quot;1.5&quot;,&quot;sizes&quot;:[]},&quot;motion_fx_translateY_affectedRange&quot;:{&quot;unit&quot;:&quot;%&quot;,&quot;size&quot;:&quot;&quot;,&quot;sizes&quot;:{&quot;start&quot;:0,&quot;end&quot;:100}},&quot;motion_fx_devices&quot;:[&quot;desktop&quot;,&quot;tablet&quot;,&quot;mobile&quot;]}\">\n\t\t\t<div class=\"elementor-widget-wrap elementor-element-populated\">\n\t\t\t\t\t\t\t\t<div class=\"elementor-element elementor-element-1805b0e elementor-grid-2 elementor-grid-tablet-2 elementor-grid-mobile-1 elementor-posts--thumbnail-top elementor-card-shadow-yes elementor-posts__hover-gradient elementor-widget elementor-widget-posts\" data-id=\"1805b0e\" data-element_type=\"widget\" data-settings=\"{&quot;cards_columns&quot;:&quot;2&quot;,&quot;cards_columns_tablet&quot;:&quot;2&quot;,&quot;cards_columns_mobile&quot;:&quot;1&quot;,&quot;cards_row_gap&quot;:{&quot;unit&quot;:&quot;px&quot;,&quot;size&quot;:35,&quot;sizes&quot;:[]},&quot;cards_row_gap_tablet&quot;:{&quot;unit&quot;:&quot;px&quot;,&quot;size&quot;:&quot;&quot;,&quot;sizes&quot;:[]},&quot;cards_row_gap_mobile&quot;:{&quot;unit&quot;:&quot;px&quot;,&quot;size&quot;:&quot;&quot;,&quot;sizes&quot;:[]}}\" data-widget_type=\"posts.cards\">\n\t\t\t\t<div class=\"elementor-widget-container\">\n\t\t\t\t\t<div class=\"elementor-posts-container elementor-posts elementor-posts--skin-cards elementor-grid\">\n\t\t\t\t<article class=\"elementor-post elementor-grid-item post-414 post type-post status-publish format-standard has-post-thumbnail hentry category-instrumentarium\">\n\t\t\t<div class=\"elementor-post__card\">\n\t\t\t\t<a class=\"elementor-post__thumbnail__link\" href=\"https:\/\/medicalvision.bedesign.cz\/medicalvision\/jednorazove-nastroje\/\" tabindex=\"-1\" ><div class=\"elementor-post__thumbnail\"><img loading=\"lazy\" decoding=\"async\" width=\"300\" height=\"223\" src=\"https:\/\/medicalvision.bedesign.cz\/medicalvision\/wp-content\/uploads\/2021\/05\/consultation-with-ophthalmologist-eye-examination-clinic-kopie-300x223.jpg\" class=\"attachment-medium size-medium wp-image-418\" alt=\"\" srcset=\"https:\/\/medicalvision.bedesign.cz\/medicalvision\/wp-content\/uploads\/2021\/05\/consultation-with-ophthalmologist-eye-examination-clinic-kopie-300x223.jpg 300w, https:\/\/medicalvision.bedesign.cz\/medicalvision\/wp-content\/uploads\/2021\/05\/consultation-with-ophthalmologist-eye-examination-clinic-kopie-768x571.jpg 768w, https:\/\/medicalvision.bedesign.cz\/medicalvision\/wp-content\/uploads\/2021\/05\/consultation-with-ophthalmologist-eye-examination-clinic-kopie.jpg 1000w\" sizes=\"auto, (max-width: 300px) 100vw, 300px\" \/><\/div><\/a>\n\t\t\t\t<div class=\"elementor-post__badge\">Instrumentarium<\/div>\n\t\t\t\t<div class=\"elementor-post__text\">\n\t\t\t\t<h3 class=\"elementor-post__title\">\n\t\t\t<a href=\"https:\/\/medicalvision.bedesign.cz\/medicalvision\/jednorazove-nastroje\/\" >\n\t\t\t\tJednor\u00e1zov\u00e9 n\u00e1stroje\t\t\t<\/a>\n\t\t<\/h3>\n\t\t\t\t<div class=\"elementor-post__excerpt\">\n\t\t\t<p>Toto je uk\u00e1zkov\u00fd text, kter\u00fd bude nahrazen Va\u0161\u00edm. Toto je<\/p>\n\t\t<\/div>\n\t\t\t\t<\/div>\n\t\t\t\t\t<\/div>\n\t\t<\/article>\n\t\t\t\t<article class=\"elementor-post elementor-grid-item post-415 post type-post status-publish format-standard has-post-thumbnail hentry category-instrumentarium\">\n\t\t\t<div class=\"elementor-post__card\">\n\t\t\t\t<a class=\"elementor-post__thumbnail__link\" href=\"https:\/\/medicalvision.bedesign.cz\/medicalvision\/ambulance\/\" tabindex=\"-1\" ><div class=\"elementor-post__thumbnail\"><img loading=\"lazy\" decoding=\"async\" width=\"264\" height=\"300\" src=\"https:\/\/medicalvision.bedesign.cz\/medicalvision\/wp-content\/uploads\/2021\/05\/ophtalmology-medical-equipment-eyes-examination-modern-device-clinic-kopie-2-264x300.jpg\" class=\"attachment-medium size-medium wp-image-416\" alt=\"\" srcset=\"https:\/\/medicalvision.bedesign.cz\/medicalvision\/wp-content\/uploads\/2021\/05\/ophtalmology-medical-equipment-eyes-examination-modern-device-clinic-kopie-2-264x300.jpg 264w, https:\/\/medicalvision.bedesign.cz\/medicalvision\/wp-content\/uploads\/2021\/05\/ophtalmology-medical-equipment-eyes-examination-modern-device-clinic-kopie-2-901x1024.jpg 901w, https:\/\/medicalvision.bedesign.cz\/medicalvision\/wp-content\/uploads\/2021\/05\/ophtalmology-medical-equipment-eyes-examination-modern-device-clinic-kopie-2-768x873.jpg 768w, https:\/\/medicalvision.bedesign.cz\/medicalvision\/wp-content\/uploads\/2021\/05\/ophtalmology-medical-equipment-eyes-examination-modern-device-clinic-kopie-2.jpg 1000w\" sizes=\"auto, (max-width: 264px) 100vw, 264px\" \/><\/div><\/a>\n\t\t\t\t<div class=\"elementor-post__badge\">Instrumentarium<\/div>\n\t\t\t\t<div class=\"elementor-post__text\">\n\t\t\t\t<h3 class=\"elementor-post__title\">\n\t\t\t<a href=\"https:\/\/medicalvision.bedesign.cz\/medicalvision\/ambulance\/\" >\n\t\t\t\tambulance\t\t\t<\/a>\n\t\t<\/h3>\n\t\t\t\t<div class=\"elementor-post__excerpt\">\n\t\t\t<p>Toto je uk\u00e1zkov\u00fd text, kter\u00fd bude nahrazen Va\u0161\u00edm. Toto je<\/p>\n\t\t<\/div>\n\t\t\t\t<\/div>\n\t\t\t\t\t<\/div>\n\t\t<\/article>\n\t\t\t\t<article class=\"elementor-post elementor-grid-item post-410 post type-post status-publish format-standard has-post-thumbnail hentry category-instrumentarium\">\n\t\t\t<div class=\"elementor-post__card\">\n\t\t\t\t<a class=\"elementor-post__thumbnail__link\" href=\"https:\/\/medicalvision.bedesign.cz\/medicalvision\/operacni\/\" tabindex=\"-1\" ><div class=\"elementor-post__thumbnail\"><img loading=\"lazy\" decoding=\"async\" width=\"300\" height=\"300\" src=\"https:\/\/medicalvision.bedesign.cz\/medicalvision\/wp-content\/uploads\/2021\/05\/18966360-kopie-300x300.jpg\" class=\"attachment-medium size-medium wp-image-412\" alt=\"\" srcset=\"https:\/\/medicalvision.bedesign.cz\/medicalvision\/wp-content\/uploads\/2021\/05\/18966360-kopie-300x300.jpg 300w, https:\/\/medicalvision.bedesign.cz\/medicalvision\/wp-content\/uploads\/2021\/05\/18966360-kopie-150x150.jpg 150w, https:\/\/medicalvision.bedesign.cz\/medicalvision\/wp-content\/uploads\/2021\/05\/18966360-kopie-768x768.jpg 768w, https:\/\/medicalvision.bedesign.cz\/medicalvision\/wp-content\/uploads\/2021\/05\/18966360-kopie.jpg 1000w\" sizes=\"auto, (max-width: 300px) 100vw, 300px\" \/><\/div><\/a>\n\t\t\t\t<div class=\"elementor-post__badge\">Instrumentarium<\/div>\n\t\t\t\t<div class=\"elementor-post__text\">\n\t\t\t\t<h3 class=\"elementor-post__title\">\n\t\t\t<a href=\"https:\/\/medicalvision.bedesign.cz\/medicalvision\/operacni\/\" >\n\t\t\t\tOpera\u010dn\u00ed\t\t\t<\/a>\n\t\t<\/h3>\n\t\t\t\t<div class=\"elementor-post__excerpt\">\n\t\t\t<p>Toto je uk\u00e1zkov\u00fd text, kter\u00fd bude nahrazen Va\u0161\u00edm. Toto je<\/p>\n\t\t<\/div>\n\t\t\t\t<\/div>\n\t\t\t\t\t<\/div>\n\t\t<\/article>\n\t\t\t\t<article class=\"elementor-post elementor-grid-item post-363 post type-post status-publish format-standard has-post-thumbnail hentry category-keraring\">\n\t\t\t<div class=\"elementor-post__card\">\n\t\t\t\t<a class=\"elementor-post__thumbnail__link\" href=\"https:\/\/medicalvision.bedesign.cz\/medicalvision\/keraring\/\" tabindex=\"-1\" ><div class=\"elementor-post__thumbnail\"><img loading=\"lazy\" decoding=\"async\" width=\"300\" height=\"199\" src=\"https:\/\/medicalvision.bedesign.cz\/medicalvision\/wp-content\/uploads\/2021\/05\/FOto_anel_2-300x199.jpg\" class=\"attachment-medium size-medium wp-image-364\" alt=\"\" srcset=\"https:\/\/medicalvision.bedesign.cz\/medicalvision\/wp-content\/uploads\/2021\/05\/FOto_anel_2-300x199.jpg 300w, https:\/\/medicalvision.bedesign.cz\/medicalvision\/wp-content\/uploads\/2021\/05\/FOto_anel_2-1024x681.jpg 1024w, https:\/\/medicalvision.bedesign.cz\/medicalvision\/wp-content\/uploads\/2021\/05\/FOto_anel_2-768x511.jpg 768w, https:\/\/medicalvision.bedesign.cz\/medicalvision\/wp-content\/uploads\/2021\/05\/FOto_anel_2-1536x1021.jpg 1536w, https:\/\/medicalvision.bedesign.cz\/medicalvision\/wp-content\/uploads\/2021\/05\/FOto_anel_2-2048x1362.jpg 2048w\" sizes=\"auto, (max-width: 300px) 100vw, 300px\" \/><\/div><\/a>\n\t\t\t\t<div class=\"elementor-post__badge\">Keraring<\/div>\n\t\t\t\t<div class=\"elementor-post__text\">\n\t\t\t\t<h3 class=\"elementor-post__title\">\n\t\t\t<a href=\"https:\/\/medicalvision.bedesign.cz\/medicalvision\/keraring\/\" >\n\t\t\t\tKeraring\t\t\t<\/a>\n\t\t<\/h3>\n\t\t\t\t<div class=\"elementor-post__excerpt\">\n\t\t\t<p>Toto je uk\u00e1zkov\u00fd text, kter\u00fd bude nahrazen Va\u0161\u00edm. Toto je<\/p>\n\t\t<\/div>\n\t\t\t\t<\/div>\n\t\t\t\t\t<\/div>\n\t\t<\/article>\n\t\t\t\t<\/div>\n\t\t\n\t\t\t\t<\/div>\n\t\t\t\t<\/div>\n\t\t\t\t\t<\/div>\n\t\t<\/div>\n\t\t\t\t\t\t\t<\/div>\n\t\t<\/section>\n\t\t\t\t<section class=\"elementor-section elementor-top-section elementor-element elementor-element-6c8bfcc6 elementor-section-boxed elementor-section-height-default elementor-section-height-default\" data-id=\"6c8bfcc6\" data-element_type=\"section\">\n\t\t\t\t\t\t<div class=\"elementor-container elementor-column-gap-default\">\n\t\t\t\t\t<div class=\"elementor-column elementor-col-100 elementor-top-column elementor-element elementor-element-12a71692\" data-id=\"12a71692\" data-element_type=\"column\">\n\t\t\t<div class=\"elementor-widget-wrap elementor-element-populated\">\n\t\t\t\t\t\t\t\t<div class=\"elementor-element elementor-element-43fa27a8 elementor-widget elementor-widget-heading\" data-id=\"43fa27a8\" data-element_type=\"widget\" data-settings=\"{&quot;motion_fx_motion_fx_scrolling&quot;:&quot;yes&quot;,&quot;motion_fx_translateY_effect&quot;:&quot;yes&quot;,&quot;motion_fx_translateY_speed&quot;:{&quot;unit&quot;:&quot;px&quot;,&quot;size&quot;:&quot;0.5&quot;,&quot;sizes&quot;:[]},&quot;motion_fx_translateY_affectedRange&quot;:{&quot;unit&quot;:&quot;%&quot;,&quot;size&quot;:&quot;&quot;,&quot;sizes&quot;:{&quot;start&quot;:&quot;0&quot;,&quot;end&quot;:&quot;50&quot;}},&quot;motion_fx_opacity_effect&quot;:&quot;yes&quot;,&quot;motion_fx_opacity_range&quot;:{&quot;unit&quot;:&quot;%&quot;,&quot;size&quot;:&quot;&quot;,&quot;sizes&quot;:{&quot;start&quot;:&quot;0&quot;,&quot;end&quot;:&quot;50&quot;}},&quot;motion_fx_opacity_direction&quot;:&quot;out-in&quot;,&quot;motion_fx_opacity_level&quot;:{&quot;unit&quot;:&quot;px&quot;,&quot;size&quot;:10,&quot;sizes&quot;:[]},&quot;motion_fx_devices&quot;:[&quot;desktop&quot;,&quot;tablet&quot;,&quot;mobile&quot;]}\" data-widget_type=\"heading.default\">\n\t\t\t\t<div class=\"elementor-widget-container\">\n\t\t\t<h2 class=\"elementor-heading-title elementor-size-default\">Podporujeme<\/h2>\t\t<\/div>\n\t\t\t\t<\/div>\n\t\t\t\t<div class=\"elementor-element elementor-element-24a225f3 elementor-widget elementor-widget-text-editor\" data-id=\"24a225f3\" data-element_type=\"widget\" data-widget_type=\"text-editor.default\">\n\t\t\t\t<div class=\"elementor-widget-container\">\n\t\t\t\t\t\t\t<p>Toto je uk\u00e1zkov\u00fd text, kter\u00fd bude nahrazen Va\u0161\u00edm. Toto je uk\u00e1zkov\u00fd text, kter\u00fd bude nahrazen Va\u0161\u00edm.<br \/>Toto je uk\u00e1zkov\u00fd text, kter\u00fd bude nahrazen Va\u0161\u00edm. Toto je uk\u00e1zkov\u00fd text, kter\u00fd bude nahrazen Va\u0161\u00edm.\u00a0<\/p>\t\t\t\t\t\t<\/div>\n\t\t\t\t<\/div>\n\t\t\t\t<div class=\"elementor-element elementor-element-17d0f638 elementor-pagination-position-inside elementor-skin-carousel elementor-pagination-type-bullets elementor-widget elementor-widget-media-carousel\" data-id=\"17d0f638\" data-element_type=\"widget\" data-settings=\"{&quot;slides_per_view&quot;:&quot;3&quot;,&quot;space_between&quot;:{&quot;unit&quot;:&quot;px&quot;,&quot;size&quot;:&quot;&quot;,&quot;sizes&quot;:[]},&quot;skin&quot;:&quot;carousel&quot;,&quot;effect&quot;:&quot;slide&quot;,&quot;pagination&quot;:&quot;bullets&quot;,&quot;speed&quot;:500,&quot;autoplay&quot;:&quot;yes&quot;,&quot;autoplay_speed&quot;:5000,&quot;loop&quot;:&quot;yes&quot;,&quot;pause_on_hover&quot;:&quot;yes&quot;,&quot;pause_on_interaction&quot;:&quot;yes&quot;,&quot;space_between_tablet&quot;:{&quot;unit&quot;:&quot;px&quot;,&quot;size&quot;:10,&quot;sizes&quot;:[]},&quot;space_between_mobile&quot;:{&quot;unit&quot;:&quot;px&quot;,&quot;size&quot;:10,&quot;sizes&quot;:[]}}\" data-widget_type=\"media-carousel.default\">\n\t\t\t\t<div class=\"elementor-widget-container\">\n\t\t\t\t\t<div class=\"elementor-swiper\">\n\t\t\t<div class=\"elementor-main-swiper swiper-container\">\n\t\t\t\t<div class=\"swiper-wrapper\">\n\t\t\t\t\t\t\t\t\t\t\t<div class=\"swiper-slide\">\n\t\t\t\t\t\t\t<a href=\"http:\/\/www.sirotciindie.cz\/\">\t\t<div class=\"elementor-carousel-image\" role=\"img\" aria-label=\"logo-3\" style=\"background-image: url(&#039;https:\/\/medicalvision.bedesign.cz\/medicalvision\/wp-content\/uploads\/2021\/05\/logo-3.png&#039;)\">\n\n\t\t\t\n\t\t\t\t\t<\/div>\n\t\t<\/a>\t\t\t\t\t\t<\/div>\n\t\t\t\t\t\t\t\t\t\t\t<div class=\"swiper-slide\">\n\t\t\t\t\t\t\t<a href=\"https:\/\/svetluska.rozhlas.cz\/\">\t\t<div class=\"elementor-carousel-image\" role=\"img\" aria-label=\"013917\" style=\"background-image: url(&#039;https:\/\/medicalvision.bedesign.cz\/medicalvision\/wp-content\/uploads\/2021\/05\/013917.jpg&#039;)\">\n\n\t\t\t\n\t\t\t\t\t<\/div>\n\t\t<\/a>\t\t\t\t\t\t<\/div>\n\t\t\t\t\t\t\t\t\t\t\t<div class=\"swiper-slide\">\n\t\t\t\t\t\t\t<a href=\"http:\/\/pes-pomuze.com\/\">\t\t<div class=\"elementor-carousel-image\" role=\"img\" aria-label=\"logo-2\" style=\"background-image: url(&#039;https:\/\/medicalvision.bedesign.cz\/medicalvision\/wp-content\/uploads\/2021\/05\/logo-2.jpg&#039;)\">\n\n\t\t\t\n\t\t\t\t\t<\/div>\n\t\t<\/a>\t\t\t\t\t\t<\/div>\n\t\t\t\t\t\t\t\t\t<\/div>\n\t\t\t\t\t\t\t\t\t\t\t\t\t\t\t<div class=\"swiper-pagination\"><\/div>\n\t\t\t\t\t\t\t\t\t\t\t\t\t\t\t\t\t<\/div>\n\t\t<\/div>\n\t\t\t\t<\/div>\n\t\t\t\t<\/div>\n\t\t\t\t\t<\/div>\n\t\t<\/div>\n\t\t\t\t\t\t\t<\/div>\n\t\t<\/section>\n\t\t\t\t\t\t\t<\/div>\n\t\t","protected":false},"excerpt":{"rendered":"<p>O n\u00e1s Medical vision, s.r.o. Toto je uk\u00e1zkov\u00fd text, kter\u00fd bude nahrazen Va\u0161\u00edm. Toto je uk\u00e1zkov\u00fd text, kter\u00fd bude nahrazen Va\u0161\u00edm. Toto je uk\u00e1zkov\u00fd text, kter\u00fd bude nahrazen Va\u0161\u00edm. Toto je uk\u00e1zkov\u00fd text, kter\u00fd bude nahrazen Va\u0161\u00edm.\u00a0 Toto je uk\u00e1zkov\u00fd text, kter\u00fd bude nahrazen Va\u0161\u00edm. Toto je uk\u00e1zkov\u00fd text, kter\u00fd bude nahrazen Va\u0161\u00edm. Toto je [&hellip;]<\/p>\n","protected":false},"author":1,"featured_media":0,"parent":0,"menu_order":0,"comment_status":"closed","ping_status":"closed","template":"","meta":{"footnotes":""},"class_list":["post-7","page","type-page","status-publish","hentry"],"_links":{"self":[{"href":"https:\/\/medicalvision.bedesign.cz\/medicalvision\/wp-json\/wp\/v2\/pages\/7","targetHints":{"allow":["GET"]}}],"collection":[{"href":"https:\/\/medicalvision.bedesign.cz\/medicalvision\/wp-json\/wp\/v2\/pages"}],"about":[{"href":"https:\/\/medicalvision.bedesign.cz\/medicalvision\/wp-json\/wp\/v2\/types\/page"}],"author":[{"embeddable":true,"href":"https:\/\/medicalvision.bedesign.cz\/medicalvision\/wp-json\/wp\/v2\/users\/1"}],"replies":[{"embeddable":true,"href":"https:\/\/medicalvision.bedesign.cz\/medicalvision\/wp-json\/wp\/v2\/comments?post=7"}],"version-history":[{"count":91,"href":"https:\/\/medicalvision.bedesign.cz\/medicalvision\/wp-json\/wp\/v2\/pages\/7\/revisions"}],"predecessor-version":[{"id":457,"href":"https:\/\/medicalvision.bedesign.cz\/medicalvision\/wp-json\/wp\/v2\/pages\/7\/revisions\/457"}],"wp:attachment":[{"href":"https:\/\/medicalvision.bedesign.cz\/medicalvision\/wp-json\/wp\/v2\/media?parent=7"}],"curies":[{"name":"wp","href":"https:\/\/api.w.org\/{rel}","templated":true}]}}