{"id":216,"date":"2021-05-07T23:17:33","date_gmt":"2021-05-07T21:17:33","guid":{"rendered":"https:\/\/medicalvision.bedesign.cz\/medicalvision\/?page_id=216"},"modified":"2021-07-08T00:14:46","modified_gmt":"2021-07-07T22:14:46","slug":"nase-sluzby","status":"publish","type":"page","link":"https:\/\/medicalvision.bedesign.cz\/medicalvision\/nase-sluzby\/","title":{"rendered":"Na\u0161e produkty"},"content":{"rendered":"\t\t<div data-elementor-type=\"wp-page\" data-elementor-id=\"216\" class=\"elementor elementor-216\" data-elementor-post-type=\"page\">\n\t\t\t\t\t\t\t\t\t<section class=\"elementor-section elementor-top-section elementor-element elementor-element-53e17f4 elementor-section-boxed elementor-section-height-default elementor-section-height-default\" data-id=\"53e17f4\" data-element_type=\"section\">\n\t\t\t\t\t\t<div class=\"elementor-container elementor-column-gap-default\">\n\t\t\t\t\t<div class=\"elementor-column elementor-col-100 elementor-top-column elementor-element elementor-element-5c84e3d\" data-id=\"5c84e3d\" data-element_type=\"column\">\n\t\t\t<div class=\"elementor-widget-wrap elementor-element-populated\">\n\t\t\t\t\t\t\t\t<div class=\"elementor-element elementor-element-bcd67bf elementor-widget elementor-widget-heading\" data-id=\"bcd67bf\" data-element_type=\"widget\" data-widget_type=\"heading.default\">\n\t\t\t\t<div class=\"elementor-widget-container\">\n\t\t\t<h2 class=\"elementor-heading-title elementor-size-default\">Zvolte jednu z oblast\u00ed<\/h2>\t\t<\/div>\n\t\t\t\t<\/div>\n\t\t\t\t\t<\/div>\n\t\t<\/div>\n\t\t\t\t\t\t\t<\/div>\n\t\t<\/section>\n\t\t\t\t<section class=\"elementor-section elementor-top-section elementor-element elementor-element-00b8016 elementor-section-boxed elementor-section-height-default elementor-section-height-default\" data-id=\"00b8016\" data-element_type=\"section\">\n\t\t\t\t\t\t<div class=\"elementor-container elementor-column-gap-default\">\n\t\t\t\t\t<div class=\"elementor-column elementor-col-100 elementor-top-column elementor-element elementor-element-c4458e0\" data-id=\"c4458e0\" data-element_type=\"column\">\n\t\t\t<div class=\"elementor-widget-wrap elementor-element-populated\">\n\t\t\t\t\t\t\t\t<div class=\"elementor-element elementor-element-2d932dd elementor-widget elementor-widget-hotspot\" data-id=\"2d932dd\" data-element_type=\"widget\" data-settings=\"{&quot;hotspot&quot;:[{&quot;_id&quot;:&quot;b739d81&quot;,&quot;hotspot_tooltip_content&quot;:&quot;&lt;h4 style=\\&quot;text-align: center;\\&quot;&gt;N\\u00e1zev produktu&lt;\\\/h4&gt;&lt;p style=\\&quot;text-align: center;\\&quot;&gt;Toto je uk\\u00e1zkov\\u00fd text, kter\\u00fd&lt;br \\\/&gt;bude nahrazen Va\\u0161\\u00edm. Toto je&lt;br \\\/&gt;uk\\u00e1zkov\\u00fd text, kter\\u00fd bude &lt;br \\\/&gt;nahrazen Va\\u0161\\u00edm. Toto je &lt;br \\\/&gt;uk\\u00e1zkov\\u00fd text, kter\\u00fd bude &lt;br \\\/&gt;nahrazen Va\\u0161\\u00edm. Toto je &lt;br \\\/&gt;uk\\u00e1zkov\\u00fd text, kter\\u00fd bude &lt;br \\\/&gt;nahrazen Va\\u0161\\u00edm.\\u00a0&lt;\\\/p&gt;&lt;p style=\\&quot;text-align: center;\\&quot;&gt;&lt;a href=\\&quot;#\\&quot;&gt;V\\u00edce zde.&lt;\\\/a&gt;&lt;\\\/p&gt;&quot;,&quot;hotspot_offset_x&quot;:{&quot;unit&quot;:&quot;%&quot;,&quot;size&quot;:15,&quot;sizes&quot;:[]},&quot;hotspot_offset_y&quot;:{&quot;unit&quot;:&quot;%&quot;,&quot;size&quot;:18,&quot;sizes&quot;:[]},&quot;hotspot_label&quot;:&quot;&quot;,&quot;hotspot_link&quot;:{&quot;url&quot;:&quot;&quot;,&quot;is_external&quot;:&quot;&quot;,&quot;nofollow&quot;:&quot;&quot;,&quot;custom_attributes&quot;:&quot;&quot;},&quot;hotspot_icon&quot;:{&quot;value&quot;:&quot;&quot;,&quot;library&quot;:&quot;&quot;},&quot;hotspot_icon_position&quot;:null,&quot;hotspot_icon_spacing&quot;:null,&quot;hotspot_custom_size&quot;:&quot;no&quot;,&quot;hotspot_width&quot;:null,&quot;hotspot_height&quot;:null,&quot;hotspot_horizontal&quot;:&quot;left&quot;,&quot;hotspot_vertical&quot;:&quot;top&quot;,&quot;hotspot_tooltip_position&quot;:&quot;no&quot;,&quot;hotspot_position&quot;:null,&quot;hotspot_tooltip_width&quot;:null,&quot;hotspot_tooltip_text_wrap&quot;:null}],&quot;tooltip_trigger&quot;:&quot;mouseenter&quot;,&quot;tooltip_position&quot;:&quot;top&quot;,&quot;tooltip_animation&quot;:&quot;e-hotspot--fade-in-out&quot;}\" data-widget_type=\"hotspot.default\">\n\t\t\t\t<div class=\"elementor-widget-container\">\n\t\t\t<img loading=\"lazy\" decoding=\"async\" width=\"800\" height=\"670\" src=\"https:\/\/medicalvision.bedesign.cz\/medicalvision\/wp-content\/uploads\/2021\/05\/MedicalVision-oko-min-1024x858.png\" class=\"attachment-large size-large wp-image-222\" alt=\"MedicalVision, oko, nab\u00eddka slu\u017eeb\" srcset=\"https:\/\/medicalvision.bedesign.cz\/medicalvision\/wp-content\/uploads\/2021\/05\/MedicalVision-oko-min-1024x858.png 1024w, https:\/\/medicalvision.bedesign.cz\/medicalvision\/wp-content\/uploads\/2021\/05\/MedicalVision-oko-min-300x251.png 300w, https:\/\/medicalvision.bedesign.cz\/medicalvision\/wp-content\/uploads\/2021\/05\/MedicalVision-oko-min-768x644.png 768w, https:\/\/medicalvision.bedesign.cz\/medicalvision\/wp-content\/uploads\/2021\/05\/MedicalVision-oko-min.png 1253w\" sizes=\"auto, (max-width: 800px) 100vw, 800px\" \/>\n\t\t\t\t\t\t<div class=\"e-hotspot elementor-repeater-item-b739d81  e-hotspot--position-left e-hotspot--position-top   e-hotspot--circle\">\n\n\t\t\t\t\t\t\t\t<div class=\"e-hotspot__button e-hotspot--expand\">\n\t\t\t\t\t\t\t\t\t\t\t<div class=\"e-hotspot__outer-circle\"><\/div>\n\t\t\t\t\t\t<div class=\"e-hotspot__inner-circle\"><\/div>\n\t\t\t\t\t\t\t\t\t<\/div>\n\n\t\t\t\t\t\t\t\t\t\t\t\t\t\t\t\t\t\t<div class=\"e-hotspot__tooltip  e-hotspot--tooltip-position e-hotspot--fade-in-out \" >\n\t\t\t\t\t\t<h4 style=\"text-align: center;\">N\u00e1zev produktu<\/h4><p style=\"text-align: center;\">Toto je uk\u00e1zkov\u00fd text, kter\u00fd<br \/>bude nahrazen Va\u0161\u00edm. Toto je<br \/>uk\u00e1zkov\u00fd text, kter\u00fd bude <br \/>nahrazen Va\u0161\u00edm. Toto je <br \/>uk\u00e1zkov\u00fd text, kter\u00fd bude <br \/>nahrazen Va\u0161\u00edm. Toto je <br \/>uk\u00e1zkov\u00fd text, kter\u00fd bude <br \/>nahrazen Va\u0161\u00edm.\u00a0<\/p><p style=\"text-align: center;\"><a href=\"#\">V\u00edce zde.<\/a><\/p>\t\t\t\t\t<\/div>\n\t\t\t\t\t\t\t\t\t\n\t\t\t<\/div>\n\n\t\n\t\t\t\t<\/div>\n\t\t\t\t<\/div>\n\t\t\t\t\t<\/div>\n\t\t<\/div>\n\t\t\t\t\t\t\t<\/div>\n\t\t<\/section>\n\t\t\t\t\t\t\t<\/div>\n\t\t","protected":false},"excerpt":{"rendered":"<p>Zvolte jednu z oblast\u00ed N\u00e1zev produktu Toto je uk\u00e1zkov\u00fd text, kter\u00fdbude nahrazen Va\u0161\u00edm. Toto jeuk\u00e1zkov\u00fd text, kter\u00fd bude nahrazen Va\u0161\u00edm. Toto je uk\u00e1zkov\u00fd text, kter\u00fd bude nahrazen Va\u0161\u00edm. Toto je uk\u00e1zkov\u00fd text, kter\u00fd bude nahrazen Va\u0161\u00edm.\u00a0 V\u00edce zde.<\/p>\n","protected":false},"author":1,"featured_media":0,"parent":0,"menu_order":0,"comment_status":"closed","ping_status":"closed","template":"","meta":{"footnotes":""},"class_list":["post-216","page","type-page","status-publish","hentry"],"_links":{"self":[{"href":"https:\/\/medicalvision.bedesign.cz\/medicalvision\/wp-json\/wp\/v2\/pages\/216","targetHints":{"allow":["GET"]}}],"collection":[{"href":"https:\/\/medicalvision.bedesign.cz\/medicalvision\/wp-json\/wp\/v2\/pages"}],"about":[{"href":"https:\/\/medicalvision.bedesign.cz\/medicalvision\/wp-json\/wp\/v2\/types\/page"}],"author":[{"embeddable":true,"href":"https:\/\/medicalvision.bedesign.cz\/medicalvision\/wp-json\/wp\/v2\/users\/1"}],"replies":[{"embeddable":true,"href":"https:\/\/medicalvision.bedesign.cz\/medicalvision\/wp-json\/wp\/v2\/comments?post=216"}],"version-history":[{"count":65,"href":"https:\/\/medicalvision.bedesign.cz\/medicalvision\/wp-json\/wp\/v2\/pages\/216\/revisions"}],"predecessor-version":[{"id":450,"href":"https:\/\/medicalvision.bedesign.cz\/medicalvision\/wp-json\/wp\/v2\/pages\/216\/revisions\/450"}],"wp:attachment":[{"href":"https:\/\/medicalvision.bedesign.cz\/medicalvision\/wp-json\/wp\/v2\/media?parent=216"}],"curies":[{"name":"wp","href":"https:\/\/api.w.org\/{rel}","templated":true}]}}